{"id":954,"date":"2019-06-05T18:07:52","date_gmt":"2019-06-05T18:07:52","guid":{"rendered":"https:\/\/fitbyculture.com\/?post_type=product&#038;p=954"},"modified":"2025-07-24T11:43:16","modified_gmt":"2025-07-24T11:43:16","slug":"fbc-leggings-limited-edition-generation-x","status":"publish","type":"product","link":"https:\/\/fitbyculture.com\/pb\/product\/fbc-leggings-limited-edition-generation-x\/","title":{"rendered":"FBC Leggings edi\u00e7\u00e3o LIMITADA gera\u00e7\u00e3o X"},"content":{"rendered":"<p>FBC Mens Compression Running Legging,Running Legging, created and built for high peak fitness performance and Amazing comfort. Very lightweight and elegantly sleek.<\/p>\n","protected":false},"excerpt":{"rendered":"<p>FBC Mens Compression Running Legging,Running Legging, created and built for high peak fitness performance and Amazing comfort. Very lightweight and elegantly sleek.<\/p>\n","protected":false},"featured_media":955,"comment_status":"open","ping_status":"closed","template":"","meta":{"_monsterinsights_skip_tracking":false,"_monsterinsights_sitenote_active":false,"_monsterinsights_sitenote_note":"","_monsterinsights_sitenote_category":0},"product_brand":[],"product_cat":[112,109],"product_tag":[],"yst_prominent_words":[],"class_list":{"0":"post-954","1":"product","2":"type-product","3":"status-publish","4":"has-post-thumbnail","6":"product_cat-all-mens-products","7":"product_cat-mens-fbc-leggings","8":"product_shipping_class-standard","10":"first","11":"outofstock","12":"taxable","13":"shipping-taxable","14":"purchasable","15":"product-type-variable"},"_links":{"self":[{"href":"https:\/\/fitbyculture.com\/pb\/wp-json\/wp\/v2\/product\/954","targetHints":{"allow":["GET"]}}],"collection":[{"href":"https:\/\/fitbyculture.com\/pb\/wp-json\/wp\/v2\/product"}],"about":[{"href":"https:\/\/fitbyculture.com\/pb\/wp-json\/wp\/v2\/types\/product"}],"replies":[{"embeddable":true,"href":"https:\/\/fitbyculture.com\/pb\/wp-json\/wp\/v2\/comments?post=954"}],"wp:featuredmedia":[{"embeddable":true,"href":"https:\/\/fitbyculture.com\/pb\/wp-json\/wp\/v2\/media\/955"}],"wp:attachment":[{"href":"https:\/\/fitbyculture.com\/pb\/wp-json\/wp\/v2\/media?parent=954"}],"wp:term":[{"taxonomy":"product_brand","embeddable":true,"href":"https:\/\/fitbyculture.com\/pb\/wp-json\/wp\/v2\/product_brand?post=954"},{"taxonomy":"product_cat","embeddable":true,"href":"https:\/\/fitbyculture.com\/pb\/wp-json\/wp\/v2\/product_cat?post=954"},{"taxonomy":"product_tag","embeddable":true,"href":"https:\/\/fitbyculture.com\/pb\/wp-json\/wp\/v2\/product_tag?post=954"},{"taxonomy":"yst_prominent_words","embeddable":true,"href":"https:\/\/fitbyculture.com\/pb\/wp-json\/wp\/v2\/yst_prominent_words?post=954"}],"curies":[{"name":"wp","href":"https:\/\/api.w.org\/{rel}","templated":true}]}}