{"id":27291,"date":"2025-07-22T12:23:44","date_gmt":"2025-07-22T12:23:44","guid":{"rendered":"https:\/\/fitbyculture.com\/?post_type=product&#038;p=27291"},"modified":"2025-07-22T12:26:11","modified_gmt":"2025-07-22T12:26:11","slug":"fbc-womens-x-gen-zipper-classicas","status":"publish","type":"product","link":"https:\/\/fitbyculture.com\/pb\/product\/fbc-womens-x-gen-zipper-classicas\/","title":{"rendered":"FBC X Gen Zipper Classicas Feminino"},"content":{"rendered":"","protected":false},"excerpt":{"rendered":"<p>1 pe\u00e7a top esportivo feminino sem costura com z\u00edper e gola alta, colete de corrida preto e branco, sexy, ioga, z\u00edper, exerc\u00edcios, fitness, regata<\/p>\n","protected":false},"featured_media":27298,"comment_status":"open","ping_status":"closed","template":"","meta":{"_monsterinsights_skip_tracking":false,"_monsterinsights_sitenote_active":false,"_monsterinsights_sitenote_note":"","_monsterinsights_sitenote_category":0},"product_brand":[],"product_cat":[113],"product_tag":[],"yst_prominent_words":[],"class_list":{"0":"post-27291","1":"product","2":"type-product","3":"status-publish","4":"has-post-thumbnail","6":"product_cat-all-womens-products","8":"first","9":"instock","10":"taxable","11":"shipping-taxable","12":"purchasable","13":"product-type-variable"},"_links":{"self":[{"href":"https:\/\/fitbyculture.com\/pb\/wp-json\/wp\/v2\/product\/27291","targetHints":{"allow":["GET"]}}],"collection":[{"href":"https:\/\/fitbyculture.com\/pb\/wp-json\/wp\/v2\/product"}],"about":[{"href":"https:\/\/fitbyculture.com\/pb\/wp-json\/wp\/v2\/types\/product"}],"replies":[{"embeddable":true,"href":"https:\/\/fitbyculture.com\/pb\/wp-json\/wp\/v2\/comments?post=27291"}],"wp:featuredmedia":[{"embeddable":true,"href":"https:\/\/fitbyculture.com\/pb\/wp-json\/wp\/v2\/media\/27298"}],"wp:attachment":[{"href":"https:\/\/fitbyculture.com\/pb\/wp-json\/wp\/v2\/media?parent=27291"}],"wp:term":[{"taxonomy":"product_brand","embeddable":true,"href":"https:\/\/fitbyculture.com\/pb\/wp-json\/wp\/v2\/product_brand?post=27291"},{"taxonomy":"product_cat","embeddable":true,"href":"https:\/\/fitbyculture.com\/pb\/wp-json\/wp\/v2\/product_cat?post=27291"},{"taxonomy":"product_tag","embeddable":true,"href":"https:\/\/fitbyculture.com\/pb\/wp-json\/wp\/v2\/product_tag?post=27291"},{"taxonomy":"yst_prominent_words","embeddable":true,"href":"https:\/\/fitbyculture.com\/pb\/wp-json\/wp\/v2\/yst_prominent_words?post=27291"}],"curies":[{"name":"wp","href":"https:\/\/api.w.org\/{rel}","templated":true}]}}