{"id":25408,"date":"2023-12-19T20:33:08","date_gmt":"2023-12-19T20:33:08","guid":{"rendered":"https:\/\/fitbyculture.com\/?post_type=product&#038;p=25408"},"modified":"2025-07-24T11:18:53","modified_gmt":"2025-07-24T11:18:53","slug":"fbc-generation-x-gold-plated-limited-edition","status":"publish","type":"product","link":"https:\/\/fitbyculture.com\/pb\/product\/fbc-generation-x-gold-plated-limited-edition\/","title":{"rendered":"Edi\u00e7\u00e3o limitada banhada a ouro FBC Gera\u00e7\u00e3o X"},"content":{"rendered":"","protected":false},"excerpt":{"rendered":"","protected":false},"featured_media":25415,"comment_status":"open","ping_status":"closed","template":"","meta":{"_monsterinsights_skip_tracking":false,"_monsterinsights_sitenote_active":false,"_monsterinsights_sitenote_note":"","_monsterinsights_sitenote_category":0},"product_brand":[],"product_cat":[112,401],"product_tag":[],"yst_prominent_words":[],"class_list":{"0":"post-25408","1":"product","2":"type-product","3":"status-publish","4":"has-post-thumbnail","6":"product_cat-all-mens-products","7":"product_cat-mens-sweatshirts","9":"first","10":"instock","11":"taxable","12":"shipping-taxable","13":"purchasable","14":"product-type-variable"},"_links":{"self":[{"href":"https:\/\/fitbyculture.com\/pb\/wp-json\/wp\/v2\/product\/25408","targetHints":{"allow":["GET"]}}],"collection":[{"href":"https:\/\/fitbyculture.com\/pb\/wp-json\/wp\/v2\/product"}],"about":[{"href":"https:\/\/fitbyculture.com\/pb\/wp-json\/wp\/v2\/types\/product"}],"replies":[{"embeddable":true,"href":"https:\/\/fitbyculture.com\/pb\/wp-json\/wp\/v2\/comments?post=25408"}],"wp:featuredmedia":[{"embeddable":true,"href":"https:\/\/fitbyculture.com\/pb\/wp-json\/wp\/v2\/media\/25415"}],"wp:attachment":[{"href":"https:\/\/fitbyculture.com\/pb\/wp-json\/wp\/v2\/media?parent=25408"}],"wp:term":[{"taxonomy":"product_brand","embeddable":true,"href":"https:\/\/fitbyculture.com\/pb\/wp-json\/wp\/v2\/product_brand?post=25408"},{"taxonomy":"product_cat","embeddable":true,"href":"https:\/\/fitbyculture.com\/pb\/wp-json\/wp\/v2\/product_cat?post=25408"},{"taxonomy":"product_tag","embeddable":true,"href":"https:\/\/fitbyculture.com\/pb\/wp-json\/wp\/v2\/product_tag?post=25408"},{"taxonomy":"yst_prominent_words","embeddable":true,"href":"https:\/\/fitbyculture.com\/pb\/wp-json\/wp\/v2\/yst_prominent_words?post=25408"}],"curies":[{"name":"wp","href":"https:\/\/api.w.org\/{rel}","templated":true}]}}