{"id":893,"date":"2019-05-14T04:47:47","date_gmt":"2019-05-14T04:47:47","guid":{"rendered":"https:\/\/fitbyculture.com\/?page_id=893"},"modified":"2025-01-06T21:21:32","modified_gmt":"2025-01-06T21:21:32","slug":"our-policy","status":"publish","type":"page","link":"https:\/\/fitbyculture.com\/pb\/our-policy\/","title":{"rendered":"Pol\u00edtica de privacidade"},"content":{"rendered":"<section class=\"section\" id=\"section_503337517\">\n\t\t<div class=\"bg section-bg fill bg-fill  bg-loaded\" >\n\n\t\t\t\n\t\t\t\n\t\t\t\n\n\t\t<\/div>\n\n\t\t\n\n\t\t<div class=\"section-content relative\">\n\t\t\t\n<div class=\"row\"  id=\"row-885345183\">\n\n\t<div id=\"col-839696319\" class=\"col small-12 large-12\"  >\n\t\t\t\t<div class=\"col-inner\"  >\n\t\t\t\n\t\t\t\n<h2 style=\"text-align: center;\"><strong>Pol\u00edtica de Privacidade &amp; <\/strong><strong>Pol\u00edtica de Refund<\/strong><\/h2>\n<p>Oferecemos o maior respeito em rela\u00e7\u00e3o \u00e0 sua privacidade online, em doing so we will not share any of your personal information that is provided on Fitbyculture.com. Enquanto estiver a visitar Fitbyculture.com a sua informa\u00e7\u00e3o pessoal est\u00e1 completamente segura. This privacy policy is provided to describe what information will be collected and how it will be used:<\/p>\n<p><strong>1. Privacy Policy<\/strong><br \/>a. Your use of the Site is also governed by our Privacy Policy, which outlines how we collect, use, and disclose your personal information.<\/p>\n<p><strong>2. Pol\u00edtica de Shipping e Refund<\/strong><\/p>\n<p>a. All shipping is deemed final once the package has been dispatched. Fitbyculture n\u00e3o \u00e9 poss\u00edvel ser respons\u00e1vel por discrep\u00e2ncias que surgem de atualiza\u00e7\u00f5es de status de entrega do pacote, incluindo reivindica\u00e7\u00f5es de n\u00e3o recebimento ap\u00f3s confirma\u00e7\u00e3o de entrega.<\/p>\n<p>b. If incorrect sizing occurs, clients may exchange the item for a different size. For shipments with incorrect color and size, Fitbyculture will resend the correct item.<\/p>\n<p>c. Clients are responsible for the cost of return shipping for exchanges.<\/p>\n<p>d. All returns must be sent back in a new, unworn condition.<\/p>\n<p>e. Uma taxa de $ 27 por pe\u00e7a de vestu\u00e1rio ser\u00e1 carregada para trocas.<\/p>\n<h2><strong>Informa\u00e7\u00f5es de contato<\/strong><\/h2>\n<p>Obrigado por usar o site Fitbyculture. Se voc\u00ea tiver alguma quest\u00e3o ou preocupa\u00e7\u00e3o, por favor, entre em contato com nossa equipe de atendimento ao cliente em <a href=\"mailto:fitbyculture@gmail.com\">fitbyculture@gmail.com<\/a><\/p>\n\t\t<\/div>\n\t\t\t\t\t<\/div>\n\n\t\n<\/div>\n\t\t<\/div>\n\n\t\t\n<style>\n#section_503337517 {\n  padding-top: 30px;\n  padding-bottom: 30px;\n}\n<\/style>\n\t<\/section>","protected":false},"excerpt":{"rendered":"","protected":false},"author":1,"featured_media":0,"parent":0,"menu_order":0,"comment_status":"closed","ping_status":"closed","template":"","meta":{"_monsterinsights_skip_tracking":false,"_monsterinsights_sitenote_active":false,"_monsterinsights_sitenote_note":"","_monsterinsights_sitenote_category":0,"footnotes":""},"yst_prominent_words":[],"class_list":["post-893","page","type-page","status-publish","hentry"],"_links":{"self":[{"href":"https:\/\/fitbyculture.com\/pb\/wp-json\/wp\/v2\/pages\/893","targetHints":{"allow":["GET"]}}],"collection":[{"href":"https:\/\/fitbyculture.com\/pb\/wp-json\/wp\/v2\/pages"}],"about":[{"href":"https:\/\/fitbyculture.com\/pb\/wp-json\/wp\/v2\/types\/page"}],"author":[{"embeddable":true,"href":"https:\/\/fitbyculture.com\/pb\/wp-json\/wp\/v2\/users\/1"}],"replies":[{"embeddable":true,"href":"https:\/\/fitbyculture.com\/pb\/wp-json\/wp\/v2\/comments?post=893"}],"version-history":[{"count":23,"href":"https:\/\/fitbyculture.com\/pb\/wp-json\/wp\/v2\/pages\/893\/revisions"}],"predecessor-version":[{"id":26346,"href":"https:\/\/fitbyculture.com\/pb\/wp-json\/wp\/v2\/pages\/893\/revisions\/26346"}],"wp:attachment":[{"href":"https:\/\/fitbyculture.com\/pb\/wp-json\/wp\/v2\/media?parent=893"}],"wp:term":[{"taxonomy":"yst_prominent_words","embeddable":true,"href":"https:\/\/fitbyculture.com\/pb\/wp-json\/wp\/v2\/yst_prominent_words?post=893"}],"curies":[{"name":"wp","href":"https:\/\/api.w.org\/{rel}","templated":true}]}}