{"id":26339,"date":"2025-01-06T11:20:46","date_gmt":"2025-01-06T11:20:46","guid":{"rendered":"https:\/\/fitbyculture.com\/?page_id=26339"},"modified":"2025-01-06T21:27:59","modified_gmt":"2025-01-06T21:27:59","slug":"shipping-refund-policy","status":"publish","type":"page","link":"https:\/\/fitbyculture.com\/pb\/shipping-refund-policy\/","title":{"rendered":"(English) Shipping &#038; Refund Policy"},"content":{"rendered":"<section class=\"section\" id=\"section_1051302403\">\n\t\t<div class=\"bg section-bg fill bg-fill  bg-loaded\" >\n\n\t\t\t\n\t\t\t\n\t\t\t\n\n\t\t<\/div>\n\n\t\t\n\n\t\t<div class=\"section-content relative\">\n\t\t\t\n<div class=\"row\"  id=\"row-35277837\">\n\n\t<div id=\"col-1376650229\" class=\"col small-12 large-12\"  >\n\t\t\t\t<div class=\"col-inner\"  >\n\t\t\t\n\t\t\t\n\n\t\t<\/div>\n\t\t\t\t\t<\/div>\n\n\t\n<\/div>\n\t\t<\/div>\n\n\t\t\n<style>\n#section_1051302403 {\n  padding-top: 30px;\n  padding-bottom: 30px;\n}\n<\/style>\n\t<\/section>\n\t\n\t<section class=\"section\" id=\"section_366795676\">\n\t\t<div class=\"bg section-bg fill bg-fill  bg-loaded\" >\n\n\t\t\t\n\t\t\t\n\t\t\t\n\n\t\t<\/div>\n\n\t\t\n\n\t\t<div class=\"section-content relative\">\n\t\t\t\n<div class=\"row\"  id=\"row-303177444\">\n\n\t<div id=\"col-330187299\" class=\"col small-12 large-12\"  >\n\t\t\t\t<div class=\"col-inner\"  >\n\t\t\t\n\t\t\t\n\n<p><strong>Pol\u00edtica de envio e reembolso<\/strong><\/p>\n<p>a. Todo o envio \u00e9 considerado final assim que o pacote \u00e9 expedido. A Fitbyculture n\u00e3o pode ser responsabilizada por discrep\u00e2ncias decorrentes de atualiza\u00e7\u00f5es de estado de entrega de encomendas, incluindo reclama\u00e7\u00f5es de n\u00e3o rece\u00e7\u00e3o ap\u00f3s confirma\u00e7\u00e3o de entrega.<\/p>\n<p>b. Caso ocorra um dimensionamento incorreto, o cliente poder\u00e1 trocar o artigo por um tamanho diferente. Para envios com cor e tamanho incorretos, a Fitbyculture reenviar\u00e1 o artigo correto.<\/p>\n<p>c. Os clientes s\u00e3o respons\u00e1veis \u200b\u200bpelo custo dos portes de devolu\u00e7\u00e3o para trocas.<\/p>\n<p>d. Todas as devolu\u00e7\u00f5es devem ser devolvidas em estado novo e sem uso.<\/p>\n<p>e. Ser\u00e1 cobrada uma taxa de 27 d\u00f3lares por pe\u00e7a de roupa nas trocas.<\/p>\n<h2><strong>Informa\u00e7\u00f5es de contacto<\/strong><\/h2>\n<p>Obrigado por utilizar o site Fitbyculture. Se tiver alguma d\u00favida ou preocupa\u00e7\u00e3o, por favor contacte a nossa equipa de atendimento ao cliente em <a href=\"mailto:fitbyculture@gmail.com\">fitbyculture@gmail.com<\/a><\/p>\n\n\t\t<\/div>\n\t\t\t\t\t<\/div>\n\n\t\n<\/div>\n\t\t<\/div>\n\n\t\t\n<style>\n#section_366795676 {\n  padding-top: 30px;\n  padding-bottom: 30px;\n}\n<\/style>\n\t<\/section>","protected":false},"excerpt":{"rendered":"<p>Desculpe-nos, mas este texto est\u00e1 apenas dispon\u00edvel em English.<\/p>\n","protected":false},"author":1,"featured_media":0,"parent":0,"menu_order":0,"comment_status":"closed","ping_status":"closed","template":"page-blank.php","meta":{"_monsterinsights_skip_tracking":false,"_monsterinsights_sitenote_active":false,"_monsterinsights_sitenote_note":"","_monsterinsights_sitenote_category":0,"footnotes":""},"yst_prominent_words":[],"class_list":["post-26339","page","type-page","status-publish","hentry"],"_links":{"self":[{"href":"https:\/\/fitbyculture.com\/pb\/wp-json\/wp\/v2\/pages\/26339","targetHints":{"allow":["GET"]}}],"collection":[{"href":"https:\/\/fitbyculture.com\/pb\/wp-json\/wp\/v2\/pages"}],"about":[{"href":"https:\/\/fitbyculture.com\/pb\/wp-json\/wp\/v2\/types\/page"}],"author":[{"embeddable":true,"href":"https:\/\/fitbyculture.com\/pb\/wp-json\/wp\/v2\/users\/1"}],"replies":[{"embeddable":true,"href":"https:\/\/fitbyculture.com\/pb\/wp-json\/wp\/v2\/comments?post=26339"}],"version-history":[{"count":6,"href":"https:\/\/fitbyculture.com\/pb\/wp-json\/wp\/v2\/pages\/26339\/revisions"}],"predecessor-version":[{"id":26347,"href":"https:\/\/fitbyculture.com\/pb\/wp-json\/wp\/v2\/pages\/26339\/revisions\/26347"}],"wp:attachment":[{"href":"https:\/\/fitbyculture.com\/pb\/wp-json\/wp\/v2\/media?parent=26339"}],"wp:term":[{"taxonomy":"yst_prominent_words","embeddable":true,"href":"https:\/\/fitbyculture.com\/pb\/wp-json\/wp\/v2\/yst_prominent_words?post=26339"}],"curies":[{"name":"wp","href":"https:\/\/api.w.org\/{rel}","templated":true}]}}