{"id":20955,"date":"2021-06-30T00:21:47","date_gmt":"2021-06-30T00:21:47","guid":{"rendered":"https:\/\/fitbyculture.com\/?page_id=20955"},"modified":"2023-08-16T22:34:17","modified_gmt":"2023-08-16T22:34:17","slug":"terms-and-conditions","status":"publish","type":"page","link":"https:\/\/fitbyculture.com\/pb\/terms-and-conditions\/","title":{"rendered":"Termos e Condi\u00e7\u00f5es"},"content":{"rendered":"<section class=\"section\" id=\"section_629702238\">\n\t\t<div class=\"bg section-bg fill bg-fill  bg-loaded\" >\n\n\t\t\t\n\t\t\t\n\t\t\t\n\n\t\t<\/div>\n\n\t\t\n\n\t\t<div class=\"section-content relative\">\n\t\t\t\n<div class=\"row\"  id=\"row-91048352\">\n\n\t<div id=\"col-2091473528\" class=\"col small-12 large-12\"  >\n\t\t\t\t<div class=\"col-inner\"  >\n\t\t\t\n\t\t\t\n<h2 style=\"text-align: center;\">termos e Condi\u00e7\u00f5es<\/h2>\n<p><strong>USO DO SITE<\/strong><\/p>\n<p>When you make a purchase through the Fitbyculture website, you are offering to buy Product for the price stated, subject to these Terms. All orders are subject to acceptance and availability.<\/p>\n<p><strong>COLOCAR UMA ORDEM<\/strong><\/p>\n<p>No site da Fitbyculture, seu cart\u00e3o ser\u00e1 cobrado em dirhams dos Emirados \u00c1rabes Unidos ou d\u00f3lares americanos com base na sua sele\u00e7\u00e3o. A Fitbyculture oferece aos seus clientes o sistema Delivery Duty Paid (DDP), o que significa que voc\u00ea ser\u00e1 cobrado pelos itens adquiridos mais o custo de transporte e quaisquer taxas de importa\u00e7\u00e3o e impostos devidos como parte do seu pedido.<\/p>\n<p><strong>FORMA DE PAGAMENTO<\/strong><\/p>\n<p>Fitbyculture ret\u00e9m a propriedade legal do (s) Produto (s) at\u00e9 que o pagamento total tenha sido feito e tal pagamento tenha sido recebido. A propriedade legal dos Produtos reverter\u00e1 imediatamente para Fitbyculture, se o pagamento for devolvido a voc\u00ea. O risco dos Produtos ser\u00e1 transferido para voc\u00ea no momento da entrega.<\/p>\n<p><strong>CONTATANDO-NOS<\/strong><\/p>\n<p>Todos os dados pessoais que voc\u00ea nos fornece s\u00e3o tratados com a mais estrita confidencialidade em ambos os sites da Fitbyculture. Se desejar entrar em contato com um Representante de Atendimento ao Cliente sobre remessa ou entrega, a consulta n\u00e3o divulgar\u00e1 nenhuma informa\u00e7\u00e3o sem o seu consentimento por escrito, a menos que exigido por lei conforme detalhado acima.<\/p>\n<p><strong>DIREITOS AUTORAIS E MARCAS<\/strong><\/p>\n<p>O conte\u00fado da Fitbyculture \u00e9 definido como quaisquer gr\u00e1ficos, fotografias, incluindo todos os direitos de imagem, sons, m\u00fasica, v\u00eddeo, \u00e1udio ou texto neste Site. Fitbyculture tenta garantir que as informa\u00e7\u00f5es neste site sejam precisas e completas. Fitbyculture n\u00e3o promete que o conte\u00fado seja preciso ou livre de erros. Fitbyculture n\u00e3o promete que os aspectos funcionais do Site ou seu conte\u00fado estar\u00e3o livres de erros ou de v\u00edrus ou outros componentes prejudiciais. Recomendamos sempre que todos os usu\u00e1rios da Internet garantam que possuem um software antiv\u00edrus atualizado instalado. Ao postar em qualquer um de nossos canais de m\u00eddia social, voc\u00ea concorda em ser o \u00fanico respons\u00e1vel pelo conte\u00fado de todas as informa\u00e7\u00f5es que contribuir. Voc\u00ea tamb\u00e9m concede \u00e0 Fitbyculture o direito de usar qualquer conte\u00fado fornecido para seus pr\u00f3prios fins, incluindo a republica\u00e7\u00e3o em qualquer forma ou m\u00eddia. Os coment\u00e1rios podem ser moderados e levar at\u00e9 72 horas para serem exibidos, mas a FBC n\u00e3o se compromete a verificar todo o conte\u00fado e n\u00e3o se responsabiliza por postagens de terceiros. Se voc\u00ea tiver uma reclama\u00e7\u00e3o sobre qualquer postagem, por favor, entre em contato conosco. A FBC reserva-se o direito, a seu exclusivo crit\u00e9rio, de n\u00e3o publicar ou remover qualquer coment\u00e1rio, incluindo aqueles que ela acredita serem ilegais, difamat\u00f3rios, racistas ou caluniosos, incitar ao \u00f3dio ou viol\u00eancia, prejudicial \u00e0s pessoas, institui\u00e7\u00f5es, religi\u00f5es ou \u00e0 privacidade das pessoas, o que pode causar danos a menores, \u00e9 prejudicial \u00e0s marcas registradas, patentes e conte\u00fado protegido por direitos autorais, cont\u00e9m dados pessoais, usa indevidamente o meio para promover e anunciar neg\u00f3cios. Este site est\u00e1 dispon\u00edvel para o p\u00fablico; as informa\u00e7\u00f5es que voc\u00ea considera pessoais \/ confidenciais n\u00e3o devem ser publicadas neste site.<\/p>\n<p><strong>LINKS DE TERCEIROS<\/strong><\/p>\n<p>Na medida m\u00e1xima permitida pela lei aplic\u00e1vel, qualquer disputa relacionada de qualquer forma \u00e0 sua visita ao site e qualquer compra por voc\u00ea de quaisquer itens da FBC deve ser submetida \u00e0 FBC, exceto que, na medida em que voc\u00ea de alguma forma violou ou amea\u00e7ou para violar os direitos de propriedade intelectual da FBC, a FBC pode buscar medidas cautelares ou outras medidas apropriadas nos tribunais dos Estados Unidos da Am\u00e9rica, e voc\u00ea concorda com a jurisdi\u00e7\u00e3o e foro exclusivos de tais tribunais. A arbitragem sob este acordo ser\u00e1 conduzida de acordo com as regras ent\u00e3o vigentes da C\u00e2mara de Com\u00e9rcio Internacional. A senten\u00e7a do \u00e1rbitro ser\u00e1 vinculativa e pode ser inserida como um julgamento em qualquer tribunal de jurisdi\u00e7\u00e3o competente. At\u00e9 a extens\u00e3o m\u00e1xima permitida pela lei aplic\u00e1vel, nenhuma arbitragem sob este Contrato ser\u00e1 juntada a uma arbitragem envolvendo qualquer outra parte sujeita a este Contrato, seja por meio de procedimentos de arbitragem de classe ou de outra forma. Na medida em que a arbitragem n\u00e3o seja permitida pela lei aplic\u00e1vel, qualquer disputa relacionada de alguma forma \u00e0 sua visita ao site deve ser submetida a um tribunal apropriado ou outro \u00f3rg\u00e3o judicial e todas as disposi\u00e7\u00f5es aplic\u00e1veis \u200b\u200bdesta se\u00e7\u00e3o devem ser aplicadas.<\/p>\n<p><strong>EM GERAL<\/strong><\/p>\n<p>Voc\u00ea reconhece e concorda que estes Termos, em conjunto com a Pol\u00edtica de Privacidade da FBC, constituem o acordo completo e exclusivo entre n\u00f3s em rela\u00e7\u00e3o ao seu uso do Site e qualquer compra por voc\u00ea de quaisquer Produtos da FBC, e substituem e regem todas as propostas, acordos anteriores, ou outras comunica\u00e7\u00f5es. Se qualquer cl\u00e1usula destes Termos for considerada ilegal, inv\u00e1lida ou inexequ\u00edvel no todo ou em parte, estes Termos continuar\u00e3o a ser v\u00e1lidos quanto \u00e0s outras cl\u00e1usulas e o restante da cl\u00e1usula afetada. Qualquer ren\u00fancia de qualquer uma das cl\u00e1usulas destes Termos pela FBC n\u00e3o ser\u00e1 considerada uma ren\u00fancia de qualquer viola\u00e7\u00e3o ou inadimpl\u00eancia subsequente e n\u00e3o afetar\u00e1 de forma alguma as outras cl\u00e1usulas destes Termos. N\u00e3o seremos considerados uma ren\u00fancia de qualquer viola\u00e7\u00e3o ou inadimpl\u00eancia subsequente e de forma alguma afetaremos as outras disposi\u00e7\u00f5es destes Termos. Nada contido nestes Termos deve ser interpretado como a cria\u00e7\u00e3o de qualquer ag\u00eancia, parceria ou outras formas de empresa conjunta entre n\u00f3s. A FBC reserva-se o direito de alterar estes Termos a qualquer momento e encorajamos voc\u00ea a revisitar estes Termos periodicamente para garantir que voc\u00ea est\u00e1 de todo vezes plenamente ciente de nossos Termos. Quaisquer altera\u00e7\u00f5es entram em vigor imediatamente ap\u00f3s a publica\u00e7\u00e3o no site. Seu uso continuado do site constitui sua concord\u00e2ncia com todos esses Termos. A FBCl reserva-se o direito de recusar o fornecimento de Produtos a qualquer pessoa se ela violar qualquer um dos Termos de Uso especificados.<\/p>\n\t\t<\/div>\n\t\t\t\t\t<\/div>\n\n\t\n<\/div>\n\t\t<\/div>\n\n\t\t\n<style>\n#section_629702238 {\n  padding-top: 30px;\n  padding-bottom: 30px;\n}\n<\/style>\n\t<\/section>","protected":false},"excerpt":{"rendered":"","protected":false},"author":1,"featured_media":0,"parent":0,"menu_order":0,"comment_status":"closed","ping_status":"closed","template":"","meta":{"_monsterinsights_skip_tracking":false,"_monsterinsights_sitenote_active":false,"_monsterinsights_sitenote_note":"","_monsterinsights_sitenote_category":0,"footnotes":""},"yst_prominent_words":[],"class_list":["post-20955","page","type-page","status-publish","hentry"],"_links":{"self":[{"href":"https:\/\/fitbyculture.com\/pb\/wp-json\/wp\/v2\/pages\/20955","targetHints":{"allow":["GET"]}}],"collection":[{"href":"https:\/\/fitbyculture.com\/pb\/wp-json\/wp\/v2\/pages"}],"about":[{"href":"https:\/\/fitbyculture.com\/pb\/wp-json\/wp\/v2\/types\/page"}],"author":[{"embeddable":true,"href":"https:\/\/fitbyculture.com\/pb\/wp-json\/wp\/v2\/users\/1"}],"replies":[{"embeddable":true,"href":"https:\/\/fitbyculture.com\/pb\/wp-json\/wp\/v2\/comments?post=20955"}],"version-history":[{"count":10,"href":"https:\/\/fitbyculture.com\/pb\/wp-json\/wp\/v2\/pages\/20955\/revisions"}],"predecessor-version":[{"id":25189,"href":"https:\/\/fitbyculture.com\/pb\/wp-json\/wp\/v2\/pages\/20955\/revisions\/25189"}],"wp:attachment":[{"href":"https:\/\/fitbyculture.com\/pb\/wp-json\/wp\/v2\/media?parent=20955"}],"wp:term":[{"taxonomy":"yst_prominent_words","embeddable":true,"href":"https:\/\/fitbyculture.com\/pb\/wp-json\/wp\/v2\/yst_prominent_words?post=20955"}],"curies":[{"name":"wp","href":"https:\/\/api.w.org\/{rel}","templated":true}]}}