{"id":101,"date":"2016-09-20T17:20:49","date_gmt":"2016-09-20T17:20:49","guid":{"rendered":"http:\/\/demo.presslayouts.com\/emallshop\/general\/?page_id=44"},"modified":"2023-08-18T14:05:40","modified_gmt":"2023-08-18T14:05:40","slug":"about-us","status":"publish","type":"page","link":"https:\/\/fitbyculture.com\/pb\/about-us\/","title":{"rendered":"Our story"},"content":{"rendered":"<section class=\"section\" id=\"section_948386767\">\n\t\t<div class=\"bg section-bg fill bg-fill  bg-loaded\" >\n\n\t\t\t\n\t\t\t\n\t\t\t\n\n\t\t<\/div>\n\n\t\t\n\n\t\t<div class=\"section-content relative\">\n\t\t\t\n<div class=\"row\"  id=\"row-230081866\">\n\n\t<div id=\"col-1708995180\" class=\"col padding_bottom small-12 large-12\"  >\n\t\t\t\t<div class=\"col-inner text-center\"  >\n\t\t\t\n\t\t\t\n\t<div class=\"img has-hover padding_bottom x md-x lg-x y md-y lg-y\" id=\"image_510008014\">\n\t\t\t\t\t\t\t\t<div class=\"img-inner image-zoom dark\" >\n\t\t\t<img loading=\"lazy\" decoding=\"async\" width=\"1020\" height=\"765\" src=\"https:\/\/fitbyculture.com\/wp-content\/uploads\/2021\/02\/Our-Story-scaled-1-1067x800.jpg\" class=\"attachment-large size-large\" alt=\"\" srcset=\"https:\/\/fitbyculture.com\/wp-content\/uploads\/2021\/02\/Our-Story-scaled-1-1067x800.jpg 1067w, https:\/\/fitbyculture.com\/wp-content\/uploads\/2021\/02\/Our-Story-scaled-1-533x400.jpg 533w, https:\/\/fitbyculture.com\/wp-content\/uploads\/2021\/02\/Our-Story-scaled-1-768x576.jpg 768w, https:\/\/fitbyculture.com\/wp-content\/uploads\/2021\/02\/Our-Story-scaled-1-1536x1152.jpg 1536w, https:\/\/fitbyculture.com\/wp-content\/uploads\/2021\/02\/Our-Story-scaled-1-2048x1536.jpg 2048w, https:\/\/fitbyculture.com\/wp-content\/uploads\/2021\/02\/Our-Story-scaled-1-20x15.jpg 20w, https:\/\/fitbyculture.com\/wp-content\/uploads\/2021\/02\/Our-Story-scaled-1-510x383.jpg 510w\" sizes=\"auto, (max-width: 1020px) 100vw, 1020px\" \/>\t\t\t\t\t\t\n\t\t\t\t\t<\/div>\n\t\t\t\t\t\t\t\t\n<style>\n#image_510008014 {\n  width: 100%;\n}\n@media (min-width:550px) {\n  #image_510008014 {\n    width: 50%;\n  }\n}\n<\/style>\n\t<\/div>\n\t\n\t\t<\/div>\n\t\t\t\t\t<\/div>\n\n\t\n<\/div>\n\t\t<\/div>\n\n\t\t\n<style>\n#section_948386767 {\n  padding-top: 0px;\n  padding-bottom: 0px;\n  background-color: #000000;\n}\n<\/style>\n\t<\/section>\n\t\n\t<section class=\"section\" id=\"section_2112805654\">\n\t\t<div class=\"bg section-bg fill bg-fill  bg-loaded\" >\n\n\t\t\t\n\t\t\t\n\t\t\t\n\n\t\t<\/div>\n\n\t\t\n\n\t\t<div class=\"section-content relative\">\n\t\t\t\n<div class=\"row\"  id=\"row-2059821465\">\n\n\t<div id=\"col-84093862\" class=\"col small-12 large-12\"  >\n\t\t\t\t<div class=\"col-inner\"  >\n\t\t\t\n\t\t\t\n<h2 class=\"vc_custom_heading\">Inspire Millions. Mudar Vidas no Mundo Inteiro.<\/h2>\n<div class=\"wpb_text_column wpb_content_element \">\n<div class=\"wpb_wrapper\">\n<p>Quem teria pensado que buscar o que eu mais amo me traria a maior satisfa\u00e7\u00e3o na vida? Sempre fui um viajante. Essa forte paix\u00e3o me manteve explorando a Am\u00e9rica do Sul, saboreando cada momento imerso em cada novo pa\u00eds, uma nova cultura, abrindo meu cora\u00e7\u00e3o e mente para aprender com seu modo de vida.<\/p>\n<p>Uma experi\u00eancia que valorizo \u200b\u200bmuito \u00e9 aquela que tive ao morar e fazer turn\u00eas pela Argentina e Brasil. Eu ansiava por entender a cultura e as pessoas desde as ra\u00edzes. Eu morava em casas e bairros totalmente alheios ao conforto que conheci enquanto crescia. Pela primeira vez, tive a experi\u00eancia de dormir sob telhados expostos e pisos quebrados em \u00e1reas que eram mais conhecidas por seus altos \u00edndices de criminalidade e prostitui\u00e7\u00e3o. Houve momentos em que fiquei completamente inseguro quanto ao dia seguinte devido \u00e0 renda muito baixa que recebia por ensinar ingl\u00eas. Havia pouca ou nenhuma \u00e1gua, internet ou eletricidade, o que tornava quase imposs\u00edvel a comunica\u00e7\u00e3o com meus entes queridos. Muitos teriam se sentido perdidos, tristes e confusos nesses momentos, mas eu me senti refinado, animado e mais apaixonado.<\/p>\n<p>Foi por meio dessa jornada que cheguei ao local destinado ao meu cora\u00e7\u00e3o. Salvador, Bahia, Brasil. O lugar da magia que fundiu 2 indiv\u00edduos fortes, de 2 culturas diferentes, ambas de pa\u00edses distantes, movidos por hobbies comuns, posteriormente polidos em uma paix\u00e3o ardente \u2013 Fitness e Cultura. Eu, de Columbus, Ohio nos Estados Unidos e minha linda esposa de Acajutiba, Bahia, Brasil, crescemos e passamos bons momentos juntos ao longo dos anos, contribuindo imensamente para essa nossa paix\u00e3o. Durante nossas primeiras viagens, enquanto ainda namor\u00e1vamos, encontramos muitos lugares incr\u00edveis no Brasil para malhar; voc\u00ea nos encontraria em parques p\u00fablicos, praias, academias, nos lugares mais simples, fazendo o que mais amamos juntos. Como resultado, fomos capazes de amadurecer como uma fam\u00edlia e facilmente fundir nossas diversas culturas em UMA, nos dedicando totalmente \u00e0 Fam\u00edlia e ao Fitness.<\/p>\n<p>Com o tempo, fomos aben\u00e7oados com um grande presente; demos as boas-vindas ao nosso filho a este mundo. A sua chegada impulsionou a verdadeira mensagem da nossa marca, Fit By Culture, que foca na sa\u00fade e bem-estar atrav\u00e9s da forma\u00e7\u00e3o e moldagem da experi\u00eancia de vida de cada indiv\u00edduo, tempo de qualidade com os entes queridos, amigos e o mais importante, fam\u00edlia. Nossos aparelhos s\u00e3o perfeitos para exerc\u00edcios saud\u00e1veis \u200b\u200be confort\u00e1veis \u200b\u200bna academia, mas tamb\u00e9m funcionam como roupas modernas e da moda que s\u00e3o \u00f3timas para as atividades do dia a dia.<\/p>\n<p>Olhando para tr\u00e1s, para todas as experi\u00eancias que tive durante a viagem, as boas, as ruins e as feias, posso dizer com orgulho que n\u00e3o me arrependo das escolhas que fiz porque foram todas alimentadas pela paix\u00e3o ardente que tive de conhecer, viver, aprender e amar civiliza\u00e7\u00f5es estrangeiras. Fui moldado pelas diversas culturas, estilos de vida e idiomas que encontrei em minhas viagens. O Fit By Culture enfatiza que tudo \u00e9 poss\u00edvel com um cora\u00e7\u00e3o e mente abertos para viajar, cultura e crescimento atrav\u00e9s das experi\u00eancias da vida, enquanto ainda se concentra em um elemento essencial da vida que \u00e9 a sa\u00fade e o bem-estar Fit By Culture permite-te moldar, n\u00e3o s\u00f3 fisicamente mas tamb\u00e9m como indiv\u00edduo, criando estruturas, descobrindo destinos, conhecendo culturas e viajando pelo mundo!<\/p>\n<p>Cultura ao vivo, Fitness ao vivo!<\/p>\n<p>O que significa a defini\u00e7\u00e3o de ajuste por cultura<\/p>\n<p>A marca Fit By Culture representa minha forma\u00e7\u00e3o e crescimento at\u00e9 a idade adulta atrav\u00e9s da experi\u00eancia, humildade e vida no exterior. A exposi\u00e7\u00e3o a diversas culturas ajudou a moldar-me na pessoa que sou hoje. Literalmente, essa marca divulga uma mensagem forte; As experi\u00eancias e viagens multiculturais podem, sem d\u00favida, ajudar a moldar e moldar uma pessoa em um indiv\u00edduo bem arredondado e de mente aberta, se for permitido.<\/p>\n<p>O que se deve inevitavelmente perceber \u00e9 que todos n\u00f3s somos adequados \u00e0 cultura de uma forma ou de outra. Essa descoberta \u00e9, na maioria das vezes, reconhecida em momentos e maneiras relativas. Pessoalmente, compreendi a miss\u00e3o Fit By Culture por morar como um nativo na Argentina e no Brasil. Experi\u00eancias em situa\u00e7\u00f5es simples de habita\u00e7\u00e3o, atividades do dia a dia, etc, permitiram-me valorizar as pequenas coisas e impulsionaram-me a desenvolver um sentido mais profundo de humildade, alegria, gratid\u00e3o e li\u00e7\u00f5es para a vida. O que eu n\u00e3o percebi logo no in\u00edcio foi que estava lentamente explorando uma paix\u00e3o minha, que mudou para sempre a minha vida. Serei eternamente tocado E INSPIRADO por tudo isso.<\/p>\n<p>Ao moldar, refinar e moldar constantemente a cada dia, me tornei uma pessoa melhor e, assim, compartilhei esse aprimoramento com meus entes queridos, amigos e significativamente, minha fam\u00edlia, enriquecendo e transformando-os tamb\u00e9m em indiv\u00edduos melhores. Compartilhamos nossa hist\u00f3ria para ajudar as pessoas a crescer tanto f\u00edsica quanto culturalmente. Fit By Culture n\u00e3o \u00e9 apenas uma marca t\u00edpica de fitness, \u00e9 uma marca impulsionada pelas vidas que s\u00e3o inspiradas e transformadas todos os dias atrav\u00e9s do fitness e da cultura. Hoje, tenho a sorte de ter uma linda fam\u00edlia que formula grande parte da hist\u00f3ria do Fit By Culture. Certifique-se de que HOJE voc\u00ea tamb\u00e9m est\u00e1 se permitindo ser adequado \u00e0 cultura! Ao fazer isso e abrir sua mente, sua vida nunca mais ser\u00e1 a mesma.<\/p>\n<p><b>ESTOU ADEQUADO PELA CULTURA; PORTANTO, SOMOS ADEQUADOS PELA CULTURA.<\/b><\/p>\n<\/div>\n<\/div>\n\t\t<\/div>\n\t\t\t\t\t<\/div>\n\n\t\n<\/div>\n\t\t<\/div>\n\n\t\t\n<style>\n#section_2112805654 {\n  padding-top: 30px;\n  padding-bottom: 30px;\n}\n<\/style>\n\t<\/section>","protected":false},"excerpt":{"rendered":"","protected":false},"author":1,"featured_media":0,"parent":0,"menu_order":0,"comment_status":"closed","ping_status":"closed","template":"page-blank.php","meta":{"_monsterinsights_skip_tracking":false,"_monsterinsights_sitenote_active":false,"_monsterinsights_sitenote_note":"","_monsterinsights_sitenote_category":0,"footnotes":""},"yst_prominent_words":[],"class_list":["post-101","page","type-page","status-publish","hentry"],"_links":{"self":[{"href":"https:\/\/fitbyculture.com\/pb\/wp-json\/wp\/v2\/pages\/101","targetHints":{"allow":["GET"]}}],"collection":[{"href":"https:\/\/fitbyculture.com\/pb\/wp-json\/wp\/v2\/pages"}],"about":[{"href":"https:\/\/fitbyculture.com\/pb\/wp-json\/wp\/v2\/types\/page"}],"author":[{"embeddable":true,"href":"https:\/\/fitbyculture.com\/pb\/wp-json\/wp\/v2\/users\/1"}],"replies":[{"embeddable":true,"href":"https:\/\/fitbyculture.com\/pb\/wp-json\/wp\/v2\/comments?post=101"}],"version-history":[{"count":37,"href":"https:\/\/fitbyculture.com\/pb\/wp-json\/wp\/v2\/pages\/101\/revisions"}],"predecessor-version":[{"id":25190,"href":"https:\/\/fitbyculture.com\/pb\/wp-json\/wp\/v2\/pages\/101\/revisions\/25190"}],"wp:attachment":[{"href":"https:\/\/fitbyculture.com\/pb\/wp-json\/wp\/v2\/media?parent=101"}],"wp:term":[{"taxonomy":"yst_prominent_words","embeddable":true,"href":"https:\/\/fitbyculture.com\/pb\/wp-json\/wp\/v2\/yst_prominent_words?post=101"}],"curies":[{"name":"wp","href":"https:\/\/api.w.org\/{rel}","templated":true}]}}