{"id":893,"date":"2019-05-14T04:47:47","date_gmt":"2019-05-14T04:47:47","guid":{"rendered":"https:\/\/fitbyculture.com\/?page_id=893"},"modified":"2025-01-06T21:21:32","modified_gmt":"2025-01-06T21:21:32","slug":"our-policy","status":"publish","type":"page","link":"https:\/\/fitbyculture.com\/es\/our-policy\/","title":{"rendered":"Pol\u00edtica de Privacidad"},"content":{"rendered":"<section class=\"section\" id=\"section_553882971\">\n\t\t<div class=\"bg section-bg fill bg-fill  bg-loaded\" >\n\n\t\t\t\n\t\t\t\n\t\t\t\n\n\t\t<\/div>\n\n\t\t\n\n\t\t<div class=\"section-content relative\">\n\t\t\t\n<div class=\"row\"  id=\"row-1619480565\">\n\n\t<div id=\"col-886067846\" class=\"col small-12 large-12\"  >\n\t\t\t\t<div class=\"col-inner\"  >\n\t\t\t\n\t\t\t\n<h2 style=\"text-align: center;\"><strong>Pol\u00edtica de privacidad y detalles <\/strong><strong>Pol\u00edtica de reembolso<\/strong><\/h2>\n<p>Ofrecemos el mayor respeto con respecto a su privacidad en l\u00ednea; al hacerlo, no compartiremos ninguna informaci\u00f3n personal proporcionada en Fitbyculture.com. Mientras visita Fitbyculture.com, su informaci\u00f3n personal est\u00e1 completamente segura. Esta pol\u00edtica de privacidad se proporciona para describir qu\u00e9 informaci\u00f3n se recopilar\u00e1 y c\u00f3mo se utilizar\u00e1:<\/p>\n<p><fuerte>1. Pol\u00edtica de privacidad<\/strong><br \/>a. Su uso del Sitio tambi\u00e9n se rige por nuestra Pol\u00edtica de Privacidad, que describe c\u00f3mo recopilamos, utilizamos y divulgamos su informaci\u00f3n personal.<\/p>\n<p><fuerte>2. Pol\u00edtica de env\u00edo y reembolso<\/strong><\/p>\n<p>a. Todo env\u00edo se considera definitivo una vez que se ha enviado el paquete. Fitbyculture no se hace responsable de las discrepancias que surjan de las actualizaciones del estado de entrega del paquete, incluidas las reclamaciones de no recepci\u00f3n despu\u00e9s de la confirmaci\u00f3n de la entrega.<\/p>\n<p>b. Si se produce una talla incorrecta, los clientes pueden cambiar el art\u00edculo por una talla diferente. Para env\u00edos con color y tama\u00f1o incorrectos, Fitbyculture reenviar\u00e1 el art\u00edculo correcto.<\/p>\n<p>c. Los clientes son responsables del costo de env\u00edo de devoluci\u00f3n para los cambios.<\/p>\n<p>d. Todas las devoluciones deben enviarse en condiciones nuevas y sin uso.<\/p>\n<p>e. Se cobrar\u00e1 una tarifa de $27 por prenda para los cambios.<\/p>\n<h2><strong>Informaci\u00f3n de contacto<\/strong><\/h2>\n<p>Gracias por utilizar el sitio web de Fitbyculture. Si tiene alguna pregunta o inquietud, comun\u00edquese con nuestro equipo de atenci\u00f3n al cliente en <a href=\"mailto:fitbyculture@gmail.com\">fitbyculture@gmail.com<\/a><\/p>\n\t\t<\/div>\n\t\t\t\t\t<\/div>\n\n\t\n<\/div>\n\t\t<\/div>\n\n\t\t\n<style>\n#section_553882971 {\n  padding-top: 30px;\n  padding-bottom: 30px;\n}\n<\/style>\n\t<\/section>","protected":false},"excerpt":{"rendered":"","protected":false},"author":1,"featured_media":0,"parent":0,"menu_order":0,"comment_status":"closed","ping_status":"closed","template":"","meta":{"_monsterinsights_skip_tracking":false,"_monsterinsights_sitenote_active":false,"_monsterinsights_sitenote_note":"","_monsterinsights_sitenote_category":0,"footnotes":""},"yst_prominent_words":[],"class_list":["post-893","page","type-page","status-publish","hentry"],"_links":{"self":[{"href":"https:\/\/fitbyculture.com\/es\/wp-json\/wp\/v2\/pages\/893","targetHints":{"allow":["GET"]}}],"collection":[{"href":"https:\/\/fitbyculture.com\/es\/wp-json\/wp\/v2\/pages"}],"about":[{"href":"https:\/\/fitbyculture.com\/es\/wp-json\/wp\/v2\/types\/page"}],"author":[{"embeddable":true,"href":"https:\/\/fitbyculture.com\/es\/wp-json\/wp\/v2\/users\/1"}],"replies":[{"embeddable":true,"href":"https:\/\/fitbyculture.com\/es\/wp-json\/wp\/v2\/comments?post=893"}],"version-history":[{"count":23,"href":"https:\/\/fitbyculture.com\/es\/wp-json\/wp\/v2\/pages\/893\/revisions"}],"predecessor-version":[{"id":26346,"href":"https:\/\/fitbyculture.com\/es\/wp-json\/wp\/v2\/pages\/893\/revisions\/26346"}],"wp:attachment":[{"href":"https:\/\/fitbyculture.com\/es\/wp-json\/wp\/v2\/media?parent=893"}],"wp:term":[{"taxonomy":"yst_prominent_words","embeddable":true,"href":"https:\/\/fitbyculture.com\/es\/wp-json\/wp\/v2\/yst_prominent_words?post=893"}],"curies":[{"name":"wp","href":"https:\/\/api.w.org\/{rel}","templated":true}]}}