{"id":20955,"date":"2021-06-30T00:21:47","date_gmt":"2021-06-30T00:21:47","guid":{"rendered":"https:\/\/fitbyculture.com\/?page_id=20955"},"modified":"2023-08-16T22:34:17","modified_gmt":"2023-08-16T22:34:17","slug":"terms-and-conditions","status":"publish","type":"page","link":"https:\/\/fitbyculture.com\/es\/terms-and-conditions\/","title":{"rendered":"T\u00e9rminos y condiciones"},"content":{"rendered":"<section class=\"section\" id=\"section_1222323105\">\n\t\t<div class=\"bg section-bg fill bg-fill  bg-loaded\" >\n\n\t\t\t\n\t\t\t\n\t\t\t\n\n\t\t<\/div>\n\n\t\t\n\n\t\t<div class=\"section-content relative\">\n\t\t\t\n<div class=\"row\"  id=\"row-1356132680\">\n\n\t<div id=\"col-439473830\" class=\"col small-12 large-12\"  >\n\t\t\t\t<div class=\"col-inner\"  >\n\t\t\t\n\t\t\t\n<h2 style=\"text-align: center;\">T\u00e9rminos y condiciones<\/h2>\n<p><strong>USO DEL SITIO WEB<\/strong><\/p>\n<p>Cuando realiza una compra a trav\u00e9s del sitio web de Rastal, est\u00e1 ofreciendo comprar el Producto por el precio indicado, sujeto a estos T\u00e9rminos. Todos los pedidos est\u00e1n sujetos a aceptaci\u00f3n y disponibilidad.<\/p>\n<p><strong>ORDENANDO<\/strong><\/p>\n<p>En el sitio web de Fitbyculture, su tarjeta se cargar\u00e1 en dirhams de los EAU o d\u00f3lares estadounidenses seg\u00fan su selecci\u00f3n. Fitbyculture ofrece a sus clientes el sistema Delivery Duty Paid (DDP), lo que significa que se le cobrar\u00e1 por los art\u00edculos comprados m\u00e1s el costo de env\u00edo y cualquier derecho de importaci\u00f3n e impuestos sujetos a impuestos como parte de su pedido.<\/p>\n<p><strong>PAGO<\/strong><\/p>\n<p>Fitbyculture conserva la propiedad legal del Producto (s) hasta que se haya realizado el pago completo y se haya recibido dicho pago. La propiedad legal de los Productos se revertir\u00e1 inmediatamente a Fitbyculture, si se le reembolsa el pago. El riesgo de los Productos pasar\u00e1 a usted en el momento de la entrega.<\/p>\n<p><strong>CONTACTANOS<\/strong><\/p>\n<p>Todos los datos personales que nos proporciona se tratan con la m\u00e1s estricta confidencialidad en ambos sitios web de Fitbyculture. Si desea comunicarse con un representante de atenci\u00f3n al cliente sobre el env\u00edo o la consulta de entrega, no divulgue ninguna informaci\u00f3n sin su consentimiento por escrito a menos que lo exija la ley, como se detalla anteriormente.<\/p>\n<p><strong>DERECHOS DE AUTOR Y MARCAS REGISTRADAS<\/strong><\/p>\n<p>El contenido de Fitbyculture se define como cualquier gr\u00e1fico, fotograf\u00eda, incluidos todos los derechos de imagen, sonidos, m\u00fasica, video, audio o texto de este Sitio. Fitbyculture intenta asegurarse de que la informaci\u00f3n de este sitio sea precisa y completa. Fitbyculture no promete que el contenido sea preciso o est\u00e9 libre de errores. Fitbyculture no promete que los aspectos funcionales del Sitio o su contenido estar\u00e1n libres de errores o libres de virus u otros componentes da\u00f1inos. Siempre recomendamos que todos los usuarios de Internet se aseguren de tener instalado un software antivirus actualizado. Al publicar en cualquiera de nuestros canales de redes sociales, acepta ser el \u00fanico responsable del contenido de toda la informaci\u00f3n que aporta. Tambi\u00e9n concede a Fitbyculture el derecho a utilizar cualquier contenido que proporcione para sus propios fines, incluida la reedici\u00f3n en cualquier forma o medio. Los comentarios pueden ser moderados y pueden tardar hasta 72 horas en mostrarse, pero FBC no se compromete a verificar todo el contenido y no ser\u00e1 responsable de las publicaciones de terceros. Si tiene una queja sobre alguna publicaci\u00f3n, p\u00f3ngase en contacto con nosotros. FBC se reserva el derecho, a su entera discreci\u00f3n, de no publicar o eliminar cualquier comentario, incluidos aquellos que crea que pueden ser ilegales, difamatorios, racistas o calumniosos, incitar al odio o la violencia, perjudicial para las personas, instituciones, religiones o la privacidad de las personas, que pueden Causar da\u00f1o a menores, es perjudicial para las marcas registradas, patentes y contenido con derechos de autor, contiene datos personales, utiliza indebidamente el medio para promocionar y publicitar negocios. Este sitio est\u00e1 disponible para el p\u00fablico; la informaci\u00f3n que considere personal \/ confidencial no debe publicarse en este sitio.<\/p>\n<p><strong>ENLACES DE TERCEROS<\/strong><\/p>\n<p>En la mayor medida permitida por la ley aplicable, cualquier disputa relacionada de alguna manera con su visita al sitio web y cualquier compra por su parte de cualquier art\u00edculo de FBC se enviar\u00e1 a FBC, excepto que, en la medida en que haya violado o amenazado de alguna manera Para violar los derechos de propiedad intelectual de FBC, FBC puede buscar medidas cautelares u otro desagravio apropiado en los Tribunales de los Estados Unidos de Am\u00e9rica, y usted acepta la jurisdicci\u00f3n y competencia exclusivas en dichos tribunales. El arbitraje bajo este acuerdo se llevar\u00e1 a cabo bajo las reglas vigentes en ese momento de la C\u00e1mara de Comercio Internacional. El laudo del \u00e1rbitro ser\u00e1 vinculante y podr\u00e1 ser presentado como sentencia en cualquier tribunal de jurisdicci\u00f3n competente. En la m\u00e1xima medida permitida por la ley aplicable, ning\u00fan arbitraje en virtud de este Acuerdo se unir\u00e1 a un arbitraje que involucre a cualquier otra parte sujeta a este Acuerdo, ya sea a trav\u00e9s de procedimientos de arbitraje colectivo o de otro modo. En la medida en que la ley aplicable no permita el arbitraje, cualquier disputa relacionada de alguna manera con su visita al sitio web se someter\u00e1 a un tribunal apropiado u otro organismo judicial y se aplicar\u00e1n todas las disposiciones aplicables de esta secci\u00f3n.<\/p>\n<p><strong>GENERAL<\/strong><\/p>\n<p>Usted reconoce y acepta que estos T\u00e9rminos, junto con la Pol\u00edtica de privacidad de FBC, constituyen el acuerdo completo y exclusivo entre nosotros con respecto a su uso del sitio web y cualquier compra por su parte de cualquier Producto de FBC, y reemplazan y rigen todas las propuestas, acuerdos, u otras comunicaciones. Si alguna disposici\u00f3n de estos T\u00e9rminos se considera ilegal, inv\u00e1lida o inaplicable en su totalidad o en parte, estos T\u00e9rminos seguir\u00e1n siendo v\u00e1lidos en cuanto a las dem\u00e1s disposiciones y el resto de la disposici\u00f3n afectada. Cualquier renuncia a cualquiera de las disposiciones de estos T\u00e9rminos por parte de FBC no se considerar\u00e1 una renuncia a cualquier incumplimiento o incumplimiento posterior y de ninguna manera afectar\u00e1 las otras disposiciones de estos T\u00e9rminos. No se nos considerar\u00e1 una renuncia a cualquier incumplimiento o incumplimiento posterior y de ninguna manera afectar\u00e1 las otras disposiciones de estos T\u00e9rminos. Nada de lo contenido en estos T\u00e9rminos se interpretar\u00e1 como la creaci\u00f3n de una agencia, asociaci\u00f3n u otra forma de empresa conjunta entre nosotros. FBC se reserva el derecho de cambiar estos T\u00e9rminos en cualquier momento y lo alentamos a que los revise peri\u00f3dicamente para asegurarse de que est\u00e1 en absoluto veces plenamente consciente de nuestros T\u00e9rminos. Cualquier cambio entrar\u00e1 en vigencia inmediatamente despu\u00e9s de su publicaci\u00f3n en el sitio web. Su uso continuado del sitio web constituye su aceptaci\u00f3n de todos esos T\u00e9rminos. FBCl se reserva el derecho de negarse a suministrar Productos a cualquier persona si incumple cualquiera de los T\u00e9rminos de uso especificados.<\/p>\n\t\t<\/div>\n\t\t\t\t\t<\/div>\n\n\t\n<\/div>\n\t\t<\/div>\n\n\t\t\n<style>\n#section_1222323105 {\n  padding-top: 30px;\n  padding-bottom: 30px;\n}\n<\/style>\n\t<\/section>","protected":false},"excerpt":{"rendered":"","protected":false},"author":1,"featured_media":0,"parent":0,"menu_order":0,"comment_status":"closed","ping_status":"closed","template":"","meta":{"_monsterinsights_skip_tracking":false,"_monsterinsights_sitenote_active":false,"_monsterinsights_sitenote_note":"","_monsterinsights_sitenote_category":0,"footnotes":""},"yst_prominent_words":[],"class_list":["post-20955","page","type-page","status-publish","hentry"],"_links":{"self":[{"href":"https:\/\/fitbyculture.com\/es\/wp-json\/wp\/v2\/pages\/20955","targetHints":{"allow":["GET"]}}],"collection":[{"href":"https:\/\/fitbyculture.com\/es\/wp-json\/wp\/v2\/pages"}],"about":[{"href":"https:\/\/fitbyculture.com\/es\/wp-json\/wp\/v2\/types\/page"}],"author":[{"embeddable":true,"href":"https:\/\/fitbyculture.com\/es\/wp-json\/wp\/v2\/users\/1"}],"replies":[{"embeddable":true,"href":"https:\/\/fitbyculture.com\/es\/wp-json\/wp\/v2\/comments?post=20955"}],"version-history":[{"count":10,"href":"https:\/\/fitbyculture.com\/es\/wp-json\/wp\/v2\/pages\/20955\/revisions"}],"predecessor-version":[{"id":25189,"href":"https:\/\/fitbyculture.com\/es\/wp-json\/wp\/v2\/pages\/20955\/revisions\/25189"}],"wp:attachment":[{"href":"https:\/\/fitbyculture.com\/es\/wp-json\/wp\/v2\/media?parent=20955"}],"wp:term":[{"taxonomy":"yst_prominent_words","embeddable":true,"href":"https:\/\/fitbyculture.com\/es\/wp-json\/wp\/v2\/yst_prominent_words?post=20955"}],"curies":[{"name":"wp","href":"https:\/\/api.w.org\/{rel}","templated":true}]}}