{"id":101,"date":"2016-09-20T17:20:49","date_gmt":"2016-09-20T17:20:49","guid":{"rendered":"http:\/\/demo.presslayouts.com\/emallshop\/general\/?page_id=44"},"modified":"2023-08-18T14:05:40","modified_gmt":"2023-08-18T14:05:40","slug":"about-us","status":"publish","type":"page","link":"https:\/\/fitbyculture.com\/es\/about-us\/","title":{"rendered":"Our story"},"content":{"rendered":"<section class=\"section\" id=\"section_1054204566\">\n\t\t<div class=\"bg section-bg fill bg-fill  bg-loaded\" >\n\n\t\t\t\n\t\t\t\n\t\t\t\n\n\t\t<\/div>\n\n\t\t\n\n\t\t<div class=\"section-content relative\">\n\t\t\t\n<div class=\"row\"  id=\"row-2094019221\">\n\n\t<div id=\"col-968341535\" class=\"col padding_bottom small-12 large-12\"  >\n\t\t\t\t<div class=\"col-inner text-center\"  >\n\t\t\t\n\t\t\t\n\t<div class=\"img has-hover padding_bottom x md-x lg-x y md-y lg-y\" id=\"image_288115925\">\n\t\t\t\t\t\t\t\t<div class=\"img-inner image-zoom dark\" >\n\t\t\t<img loading=\"lazy\" decoding=\"async\" width=\"1020\" height=\"765\" src=\"https:\/\/fitbyculture.com\/wp-content\/uploads\/2021\/02\/Our-Story-scaled-1-1067x800.jpg\" class=\"attachment-large size-large\" alt=\"\" srcset=\"https:\/\/fitbyculture.com\/wp-content\/uploads\/2021\/02\/Our-Story-scaled-1-1067x800.jpg 1067w, https:\/\/fitbyculture.com\/wp-content\/uploads\/2021\/02\/Our-Story-scaled-1-533x400.jpg 533w, https:\/\/fitbyculture.com\/wp-content\/uploads\/2021\/02\/Our-Story-scaled-1-768x576.jpg 768w, https:\/\/fitbyculture.com\/wp-content\/uploads\/2021\/02\/Our-Story-scaled-1-1536x1152.jpg 1536w, https:\/\/fitbyculture.com\/wp-content\/uploads\/2021\/02\/Our-Story-scaled-1-2048x1536.jpg 2048w, https:\/\/fitbyculture.com\/wp-content\/uploads\/2021\/02\/Our-Story-scaled-1-20x15.jpg 20w, https:\/\/fitbyculture.com\/wp-content\/uploads\/2021\/02\/Our-Story-scaled-1-510x383.jpg 510w\" sizes=\"auto, (max-width: 1020px) 100vw, 1020px\" \/>\t\t\t\t\t\t\n\t\t\t\t\t<\/div>\n\t\t\t\t\t\t\t\t\n<style>\n#image_288115925 {\n  width: 100%;\n}\n@media (min-width:550px) {\n  #image_288115925 {\n    width: 50%;\n  }\n}\n<\/style>\n\t<\/div>\n\t\n\t\t<\/div>\n\t\t\t\t\t<\/div>\n\n\t\n<\/div>\n\t\t<\/div>\n\n\t\t\n<style>\n#section_1054204566 {\n  padding-top: 0px;\n  padding-bottom: 0px;\n  background-color: #000000;\n}\n<\/style>\n\t<\/section>\n\t\n\t<section class=\"section\" id=\"section_199639026\">\n\t\t<div class=\"bg section-bg fill bg-fill  bg-loaded\" >\n\n\t\t\t\n\t\t\t\n\t\t\t\n\n\t\t<\/div>\n\n\t\t\n\n\t\t<div class=\"section-content relative\">\n\t\t\t\n<div class=\"row\"  id=\"row-370693721\">\n\n\t<div id=\"col-2061264104\" class=\"col small-12 large-12\"  >\n\t\t\t\t<div class=\"col-inner\"  >\n\t\t\t\n\t\t\t\n<h2 class=\"vc_custom_heading\">Inspire a millones. Cambiar vidas en todo el mundo.<\/h2>\n<div class=\"wpb_text_column wpb_content_element \">\n<div class=\"wpb_wrapper\">\n<p>\u00bfQui\u00e9n hubiera pensado que perseguir lo que m\u00e1s amaba me traer\u00eda la mayor satisfacci\u00f3n en la vida? Siempre he sido un viajero. Esa fuerte pasi\u00f3n me ha mantenido explorando Sudam\u00e9rica, saboreando cada momento inmerso en cada nuevo pa\u00eds, una cultura fresca, abriendo mi coraz\u00f3n y mi mente para aprender de su forma de vida.<\/p>\n<p>Una experiencia que atesoro tanto es la que tuve mientras viv\u00eda y recorr\u00eda Argentina y Brasil. Ten\u00eda hambre de comprender la cultura y la gente desde las ra\u00edces. Viv\u00ed en casas y vecindarios bastante ajenos a la comodidad que conoc\u00ed mientras crec\u00eda. Por primera vez, experiment\u00e9 dormir bajo techos expuestos y pisos rotos en \u00e1reas que eran mejor conocidas por sus altas tasas de delincuencia y prostituci\u00f3n. Hubo momentos en los que no estaba completamente seguro del d\u00eda siguiente debido a los muy bajos ingresos que recib\u00eda por ense\u00f1ar ingl\u00e9s. Hab\u00eda poca o nada de agua, internet o electricidad, lo que hac\u00eda casi imposible comunicarme con mis seres queridos. Muchos se habr\u00edan sentido perdidos, tristes y confundidos en esos momentos, pero yo me sent\u00ed refinado, emocionado y m\u00e1s apasionado.<\/p>\n<p>Fue a trav\u00e9s de ese viaje que aterric\u00e9 en el lugar de destino de mi coraz\u00f3n. Salvador, Bahia Brasil. El lugar de la magia que fusion\u00f3 a 2 individuos fuertes, de 2 culturas diferentes, ambos de pa\u00edses lejanos, impulsados \u200b\u200bpor pasatiempos comunes que luego se pulieron en una pasi\u00f3n ardiente: el fitness y la cultura. Yo, de Columbus, Ohio en los EE. UU. Y mi hermosa esposa de Acajutiba, Bah\u00eda Brasil, hemos crecido y hemos pasado tiempo de calidad juntos a lo largo de los a\u00f1os contribuyendo inmensamente a esta pasi\u00f3n nuestra. Durante nuestros primeros viajes, mientras segu\u00edamos cortejando, encontramos muchos lugares incre\u00edbles en Brasil para hacer ejercicio; nos encontrar\u00eda en parques p\u00fablicos, playas, gimnasios, los lugares m\u00e1s simples, haciendo lo que m\u00e1s amamos juntos. Como resultado, pudimos madurar como familia y fusionar f\u00e1cilmente nuestras diversas culturas en UNA, dedic\u00e1ndonos por completo a la Familia y el Ejercicio.<\/p>\n<p>Con el tiempo, fuimos bendecidos con un gran regalo; le dimos la bienvenida a nuestro hijo a este mundo. Su llegada impuls\u00f3 el verdadero mensaje de nuestra marca, Fit By Culture, que se enfoca en la salud y el bienestar a trav\u00e9s de la formaci\u00f3n y el moldeado de la experiencia de vida de cada individuo, el tiempo de calidad que pasa con sus seres queridos, amigos y lo m\u00e1s importante, la familia. Nuestras prendas son perfectas para entrenamientos c\u00f3modos y saludables en el gimnasio, pero tambi\u00e9n sirven como atuendos modernos y modernos que son excelentes para las actividades del d\u00eda a d\u00eda.<\/p>\n<p>Mirando hacia atr\u00e1s a todas las experiencias que tuve mientras viajaba, las buenas, las malas y las feas, puedo decir con orgullo que no me arrepiento de las decisiones que tom\u00e9 porque todas fueron alimentadas por la pasi\u00f3n ardiente que ten\u00eda por conocer, vivir, aprender y amar. civilizaciones extranjeras. Me moldearon las diversas culturas, estilos de vida e idiomas que encontr\u00e9 en mis viajes. Fit By Culture enfatiza que todo es posible con un coraz\u00f3n y una mente abiertos para viajar, la cultura y el crecimiento a trav\u00e9s de las experiencias de la vida, sin dejar de enfocarse en un elemento esencial de la vida que es la salud y el bienestar. Fit By Culture te permite ser moldeado, no solo f\u00edsicamente sino tambi\u00e9n como individuo, creando estructuras, descubriendo destinos, volvi\u00e9ndote m\u00e1s consciente de las culturas y viajando por el mundo.<\/p>\n<p>Live Culture, Live Fitness!<\/p>\n<p>Qu\u00e9 significa la definici\u00f3n de ajuste por cultura<\/p>\n<p>La marca Fit By Culture representa mi formaci\u00f3n y crecimiento hasta la edad adulta a trav\u00e9s de la experiencia, la humildad y la vida en el extranjero. La exposici\u00f3n a diversas culturas me ha ayudado a moldearme y convertirme en la persona que soy hoy. Literalmente, esta marca revela un mensaje fuerte; Las experiencias multiculturales y los viajes sin duda pueden ayudar a moldear y moldear a una persona para que se convierta en una persona equilibrada y de mente abierta, si se lo permite.<\/p>\n<p>De lo que uno debe llegar a darse cuenta inevitablemente es que todos encajamos en la cultura de una forma u otra. Este descubrimiento, la mayor\u00eda de las veces, se reconoce en momentos y formas relativas. Personalmente, comprend\u00ed la misi\u00f3n de Fit By Culture al vivir como nativo tanto en Argentina como en Brasil. Experiencias en situaciones sencillas de vivienda, actividades del d\u00eda a d\u00eda, etc., me permitieron apreciar las peque\u00f1as cosas y me impulsaron a desarrollar un sentido m\u00e1s profundo de humildad, alegr\u00eda, gratitud y lecciones para toda la vida. Lo que no me di cuenta desde el principio fue que estaba aprovechando lentamente una pasi\u00f3n m\u00eda, que cambi\u00f3 mi vida para siempre. Ser\u00e9 eternamente conmovido E INSPIRADO por todo esto.<\/p>\n<p>Al moldear, refinar y dar forma constantemente cada d\u00eda, me he enriquecido hasta convertirme en una mejor persona y, por lo tanto, he compartido esta mejora con mis seres queridos, amigos y significativamente, mi familia, enriqueci\u00e9ndolos y transform\u00e1ndolos en mejores personas tambi\u00e9n. Compartimos nuestra historia para ayudar a las personas a crecer tanto f\u00edsica como culturalmente. Fit By Culture no es solo una marca de fitness t\u00edpica, es una marca impulsada por las vidas que se inspiran y transforman todos los d\u00edas a trav\u00e9s del fitness y la cultura. Hoy, soy afortunado de tener una hermosa familia que formula una parte importante de la historia de Fit By Culture. \u00a1Aseg\u00farate de que HOY tambi\u00e9n te est\u00e1s permitiendo ser Fit By Culture! Al hacerlo y abrir su mente, su vida nunca volver\u00e1 a ser la misma.<\/p>\n<p><b>ESTOY EN FORMA POR LA CULTURA; POR LO TANTO, ESTAMOS AJUSTADOS POR LA CULTURA.<\/b><\/p>\n<\/div>\n<\/div>\n\t\t<\/div>\n\t\t\t\t\t<\/div>\n\n\t\n<\/div>\n\t\t<\/div>\n\n\t\t\n<style>\n#section_199639026 {\n  padding-top: 30px;\n  padding-bottom: 30px;\n}\n<\/style>\n\t<\/section>","protected":false},"excerpt":{"rendered":"","protected":false},"author":1,"featured_media":0,"parent":0,"menu_order":0,"comment_status":"closed","ping_status":"closed","template":"page-blank.php","meta":{"_monsterinsights_skip_tracking":false,"_monsterinsights_sitenote_active":false,"_monsterinsights_sitenote_note":"","_monsterinsights_sitenote_category":0,"footnotes":""},"yst_prominent_words":[],"class_list":["post-101","page","type-page","status-publish","hentry"],"_links":{"self":[{"href":"https:\/\/fitbyculture.com\/es\/wp-json\/wp\/v2\/pages\/101","targetHints":{"allow":["GET"]}}],"collection":[{"href":"https:\/\/fitbyculture.com\/es\/wp-json\/wp\/v2\/pages"}],"about":[{"href":"https:\/\/fitbyculture.com\/es\/wp-json\/wp\/v2\/types\/page"}],"author":[{"embeddable":true,"href":"https:\/\/fitbyculture.com\/es\/wp-json\/wp\/v2\/users\/1"}],"replies":[{"embeddable":true,"href":"https:\/\/fitbyculture.com\/es\/wp-json\/wp\/v2\/comments?post=101"}],"version-history":[{"count":37,"href":"https:\/\/fitbyculture.com\/es\/wp-json\/wp\/v2\/pages\/101\/revisions"}],"predecessor-version":[{"id":25190,"href":"https:\/\/fitbyculture.com\/es\/wp-json\/wp\/v2\/pages\/101\/revisions\/25190"}],"wp:attachment":[{"href":"https:\/\/fitbyculture.com\/es\/wp-json\/wp\/v2\/media?parent=101"}],"wp:term":[{"taxonomy":"yst_prominent_words","embeddable":true,"href":"https:\/\/fitbyculture.com\/es\/wp-json\/wp\/v2\/yst_prominent_words?post=101"}],"curies":[{"name":"wp","href":"https:\/\/api.w.org\/{rel}","templated":true}]}}